{"id":159,"date":"2022-06-20T15:42:27","date_gmt":"2022-06-20T15:42:27","guid":{"rendered":"https:\/\/sewcan.ca\/?page_id=159"},"modified":"2023-05-21T17:18:24","modified_gmt":"2023-05-21T17:18:24","slug":"aoda","status":"publish","type":"page","link":"https:\/\/sewcan.ca\/fr\/documentation\/aoda\/","title":{"rendered":"LAPHO"},"content":{"rendered":"<div data-elementor-type=\"wp-page\" data-elementor-id=\"159\" class=\"elementor elementor-159\" data-elementor-post-type=\"page\">\n\t\t\t\t\t\t<section class=\"elementor-section elementor-top-section elementor-element elementor-element-8b7bd26 elementor-section-boxed elementor-section-height-default elementor-section-height-default\" data-id=\"8b7bd26\" data-element_type=\"section\" data-e-type=\"section\">\n\t\t\t\t\t\t<div class=\"elementor-container elementor-column-gap-default\">\n\t\t\t\t\t<div class=\"elementor-column elementor-col-100 elementor-top-column elementor-element elementor-element-a3772aa\" data-id=\"a3772aa\" data-element_type=\"column\" data-e-type=\"column\">\n\t\t\t<div class=\"elementor-widget-wrap elementor-element-populated\">\n\t\t\t\t\t\t<div class=\"elementor-element elementor-element-7a5e8de elementor-widget elementor-widget-heading\" data-id=\"7a5e8de\" data-element_type=\"widget\" data-e-type=\"widget\" data-widget_type=\"heading.default\">\n\t\t\t\t<div class=\"elementor-widget-container\">\n\t\t\t\t\t<h2 class=\"elementor-heading-title elementor-size-default\">LAPHO - Loi sur l&#039;accessibilit\u00e9 pour les personnes handicap\u00e9es de l&#039;Ontario<\/h2>\t\t\t\t<\/div>\n\t\t\t\t<\/div>\n\t\t\t\t<section class=\"elementor-section elementor-inner-section elementor-element elementor-element-aef4ea9 elementor-section-boxed elementor-section-height-default elementor-section-height-default\" data-id=\"aef4ea9\" data-element_type=\"section\" data-e-type=\"section\">\n\t\t\t\t\t\t<div class=\"elementor-container elementor-column-gap-default\">\n\t\t\t\t\t<div class=\"elementor-column elementor-col-50 elementor-inner-column elementor-element elementor-element-93877a0\" data-id=\"93877a0\" data-element_type=\"column\" data-e-type=\"column\">\n\t\t\t<div class=\"elementor-widget-wrap elementor-element-populated\">\n\t\t\t\t\t\t<div class=\"elementor-element elementor-element-1e88715 elementor-view-default elementor-widget elementor-widget-icon\" data-id=\"1e88715\" data-element_type=\"widget\" data-e-type=\"widget\" data-widget_type=\"icon.default\">\n\t\t\t\t<div class=\"elementor-widget-container\">\n\t\t\t\t\t\t\t<div class=\"elementor-icon-wrapper\">\n\t\t\t<a class=\"elementor-icon\" href=\"https:\/\/sewcan.ca\/wp-content\/uploads\/2023\/05\/Accessibility-Compliance-Report-2017-ACR-30691-4.pdf\" target=\"_blank\">\n\t\t\t<i aria-hidden=\"true\" class=\"fas fa-file-pdf\"><\/i>\t\t\t<\/a>\n\t\t<\/div>\n\t\t\t\t\t\t<\/div>\n\t\t\t\t<\/div>\n\t\t\t\t\t<\/div>\n\t\t<\/div>\n\t\t\t\t<div class=\"elementor-column elementor-col-50 elementor-inner-column elementor-element elementor-element-0212d02\" data-id=\"0212d02\" data-element_type=\"column\" data-e-type=\"column\">\n\t\t\t<div class=\"elementor-widget-wrap elementor-element-populated\">\n\t\t\t\t\t\t<div class=\"elementor-element elementor-element-674d4ab elementor-widget__width-initial elementor-widget elementor-widget-text-editor\" data-id=\"674d4ab\" data-element_type=\"widget\" data-e-type=\"widget\" data-widget_type=\"text-editor.default\">\n\t\t\t\t<div class=\"elementor-widget-container\">\n\t\t\t\t\t\t\t\t\t<p>T\u00e9l\u00e9charger le rapport de conformit\u00e9 d&#039;accessibilit\u00e9 2017<\/p>\t\t\t\t\t\t\t\t<\/div>\n\t\t\t\t<\/div>\n\t\t\t\t\t<\/div>\n\t\t<\/div>\n\t\t\t\t\t<\/div>\n\t\t<\/section>\n\t\t\t\t\t<\/div>\n\t\t<\/div>\n\t\t\t\t\t<\/div>\n\t\t<\/section>\n\t\t\t\t<section class=\"elementor-section elementor-top-section elementor-element elementor-element-f61a5f6 elementor-section-boxed elementor-section-height-default elementor-section-height-default\" data-id=\"f61a5f6\" data-element_type=\"section\" data-e-type=\"section\">\n\t\t\t\t\t\t<div class=\"elementor-container elementor-column-gap-default\">\n\t\t\t\t\t<div class=\"elementor-column elementor-col-100 elementor-top-column elementor-element elementor-element-03c4b30\" data-id=\"03c4b30\" data-element_type=\"column\" data-e-type=\"column\">\n\t\t\t<div class=\"elementor-widget-wrap elementor-element-populated\">\n\t\t\t\t\t\t<div class=\"elementor-element elementor-element-f414e48 elementor-widget elementor-widget-text-editor\" data-id=\"f414e48\" data-element_type=\"widget\" data-e-type=\"widget\" data-widget_type=\"text-editor.default\">\n\t\t\t\t<div class=\"elementor-widget-container\">\n\t\t\t\t\t\t\t\t\t<p>SEW-EURODRIVE COMPANY OF CANADA LTD. <br \/>&quot;Nous assurons le mouvement&quot;<br \/>Loi sur l&#039;accessibilit\u00e9 pour les personnes handicap\u00e9es de l&#039;Ontario (LAPHO)<br \/>Plan d&#039;accessibilit\u00e9 pluriannuel Du 1er janvier 2014 au 31 d\u00e9cembre 2018<\/p>\t\t\t\t\t\t\t\t<\/div>\n\t\t\t\t<\/div>\n\t\t\t\t<div class=\"elementor-element elementor-element-1f0610b elementor-widget elementor-widget-image\" data-id=\"1f0610b\" data-element_type=\"widget\" data-e-type=\"widget\" data-widget_type=\"image.default\">\n\t\t\t\t<div class=\"elementor-widget-container\">\n\t\t\t\t\t\t\t\t\t\t\t\t\t\t\t<img decoding=\"async\" src=\"https:\/\/sewcan.ca\/wp-content\/uploads\/2023\/05\/Accessibility-Compliance-Report-2017-ACR-30691-4.pdf\" title=\"\" alt=\"\" loading=\"lazy\" \/>\t\t\t\t\t\t\t\t\t\t\t\t\t\t\t<\/div>\n\t\t\t\t<\/div>\n\t\t\t\t\t<\/div>\n\t\t<\/div>\n\t\t\t\t\t<\/div>\n\t\t<\/section>\n\t\t\t\t<section class=\"elementor-section elementor-top-section elementor-element elementor-element-88b0296 elementor-section-boxed elementor-section-height-default elementor-section-height-default\" data-id=\"88b0296\" data-element_type=\"section\" data-e-type=\"section\">\n\t\t\t\t\t\t<div class=\"elementor-container elementor-column-gap-default\">\n\t\t\t\t\t<div class=\"elementor-column elementor-col-100 elementor-top-column elementor-element elementor-element-0e1a8cd\" data-id=\"0e1a8cd\" data-element_type=\"column\" data-e-type=\"column\">\n\t\t\t<div class=\"elementor-widget-wrap elementor-element-populated\">\n\t\t\t\t\t\t<div class=\"elementor-element elementor-element-518e8e5 elementor-widget elementor-widget-text-editor\" data-id=\"518e8e5\" data-element_type=\"widget\" data-e-type=\"widget\" data-widget_type=\"text-editor.default\">\n\t\t\t\t<div class=\"elementor-widget-container\">\n\t\t\t\t\t\t\t\t\t<p>But<\/p><p>L&#039;objectif du plan d&#039;accessibilit\u00e9 pluriannuel est de d\u00e9crire les mesures que SEW-EURODRIVE prendra au cours des cinq prochaines ann\u00e9es pour pr\u00e9venir et \u00e9liminer les obstacles pour les personnes handicap\u00e9es dans l&#039;acc\u00e8s aux biens, services ou installations de SEW-EURODRIVE. Le plan sera r\u00e9vis\u00e9 une fois tous les cinq ans.<\/p><p>Profil de la soci\u00e9t\u00e9 SEW-EURODRIVE<\/p><p>SEW-EURODRIVE est \u00e0 la fois mouvement, tradition, innovation, qualit\u00e9 et service \u2013 nous le prouvons chaque jour \u00e0 nos clients et ce depuis 80 ans. Nous ne nous contentons pas de d\u00e9placer d&#039;innombrables tapis roulants, usines d&#039;embouteillage, toits de stades sportifs, gravi\u00e8res, cha\u00eenes de montage, processus dans l&#039;industrie chimique, vos bagages \u00e0 l&#039;a\u00e9roport ou m\u00eame vous sur les escalators\u00a0; non, nous nous d\u00e9pla\u00e7ons aussi. Dans notre entreprise, le statu quo n&#039;existe pas. Chaque jour, pr\u00e8s de 550 chercheurs et d\u00e9veloppeurs travaillent \u00e0 cr\u00e9er l&#039;avenir de l&#039;automatisation des entra\u00eenements et \u00e0 l&#039;am\u00e9liorer un peu. Collectivement, environ 14 000 employ\u00e9s \u00e0 travers le monde se d\u00e9placent pour r\u00e9soudre les t\u00e2ches de nos clients et optimiser leurs processus. C&#039;est ainsi que SEW-EURODRIVE a \u00e9volu\u00e9 tout au long de son histoire pour devenir le leader du march\u00e9 de l&#039;automatisation des entra\u00eenements avec un chiffre d&#039;affaires de plus de 2 milliards d&#039;euros.<\/p><p>Le mouvement dont vous avez besoin est cr\u00e9\u00e9 avec diff\u00e9rentes solutions de produits et syst\u00e8mes d&#039;entra\u00eenement. Selon les besoins ou la branche, SEW-EURODRIVE propose des solutions individuelles issues d&#039;un concept modulaire complet avec motor\u00e9ducteurs et variateurs de fr\u00e9quence, syst\u00e8mes d&#039;entra\u00eenement servo, syst\u00e8mes d&#039;entra\u00eenement d\u00e9centralis\u00e9s et r\u00e9ducteurs industriels.<\/p><p>Notre engagement<\/p><p>SEW-EURODRIVE s&#039;engage \u00e0 garantir que ses politiques, proc\u00e9dures et pratiques sont conformes aux principes d&#039;accessibilit\u00e9. Nous nous effor\u00e7ons de fournir un environnement sans obstacle et accessible au personnel, aux clients et aux tiers handicap\u00e9s.<\/p><p>\u00a0<\/p><p><br \/>SEW-EURODRIVE Politique d&#039;emploi accessible<\/p><p>Offrir des emplois accessibles aux personnes handicap\u00e9es<\/p><p>Notre engagement<\/p><p>SEW-EURODRIVE s&#039;engage \u00e0 offrir des opportunit\u00e9s d&#039;emploi \u00e9gales aux personnes handicap\u00e9es. Nous nous engageons \u00e9galement \u00e0 r\u00e9pondre aux besoins d&#039;accessibilit\u00e9 et d&#039;adaptation des employ\u00e9s handicap\u00e9s, en temps opportun.<\/p><p>Formats accessibles et aides \u00e0 la communication pour les demandeurs d&#039;emploi et les employ\u00e9s handicap\u00e9s<\/p><p>Lorsqu&#039;un employ\u00e9 ou un candidat handicap\u00e9 demande que des informations soient fournies dans un autre format, telles que des informations n\u00e9cessaires \u00e0 l&#039;ex\u00e9cution du travail de l&#039;employ\u00e9 ou des informations g\u00e9n\u00e9ralement accessibles aux employ\u00e9s sur le lieu de travail, l&#039;entreprise consultera la personne qui fait la demande pour d\u00e9terminer un format appropri\u00e9 qui tient compte des besoins d&#039;accessibilit\u00e9 de l&#039;employ\u00e9 ou du demandeur d&#039;emploi. Les informations seront fournies ou organis\u00e9es en temps opportun.<\/p><p>Information accessible sur les interventions d&#039;urgence en milieu de travail<\/p><p>SEW-EURODRIVE fournit des informations d&#039;intervention d&#039;urgence individualis\u00e9es aux employ\u00e9s qui ont un handicap, si le handicap est tel que l&#039;information individualis\u00e9e est n\u00e9cessaire et que SEW-EURODRIVE est conscient du besoin d&#039;adaptation. Si un employ\u00e9 qui re\u00e7oit des informations personnalis\u00e9es sur l&#039;intervention d&#039;urgence sur le lieu de travail a besoin d&#039;aide, et si l&#039;employ\u00e9 donne son autorisation, SEW-EURODRIVE fournira les informations d&#039;intervention d&#039;urgence sur le lieu de travail \u00e0 la personne d\u00e9sign\u00e9e par l&#039;employeur pour fournir une assistance. Apr\u00e8s avoir pris connaissance de la n\u00e9cessit\u00e9 d&#039;informations d&#039;intervention d&#039;urgence personnalis\u00e9es, SEW-EURODRIVE s&#039;efforcera de fournir les informations \u00e0 l&#039;employ\u00e9 d\u00e8s que possible.<\/p><p>SEW-EURODRIVE examine les informations d&#039;intervention d&#039;urgence sur le lieu de travail lorsque\u00a0:<\/p><p>un employ\u00e9 d\u00e9m\u00e9nage dans un autre endroit de l&#039;organisation\u00a0;<br \/>les besoins ou les plans d&#039;adaptation g\u00e9n\u00e9raux d&#039;un employ\u00e9 sont examin\u00e9s\u00a0; et<br \/>l&#039;organisation revoit ses politiques g\u00e9n\u00e9rales d&#039;intervention d&#039;urgence.<\/p><p>Recrutement, \u00e9valuation, s\u00e9lection et embauche<\/p><p>Lors du recrutement, nous proposons des am\u00e9nagements pour les candidats handicap\u00e9s. Nous informons nos employ\u00e9s et le public de la mise \u00e0 disposition d&#039;h\u00e9bergements sur notre site Web et dans nos offres d&#039;emploi.<\/p><p>Lorsque nous s\u00e9lectionnons un candidat pour participer \u00e0 un processus de s\u00e9lection tel qu&#039;une \u00e9valuation ou une entrevue, nous informons la personne que des mesures d&#039;adaptation sont disponibles, sur demande. Si un candidat \u00e0 un emploi s\u00e9lectionn\u00e9 demande un logement, SEW-EURODRIVE consulte le candidat et lui propose un logement adapt\u00e9 qui tient compte des besoins d&#039;accessibilit\u00e9 de la personne.<\/p><p>Avis aux candidats retenus et aux employ\u00e9s concernant les accommodements<\/p><p>Nous nous engageons \u00e0 fournir des am\u00e9nagements aux candidats \u00e0 l&#039;emploi et aux employ\u00e9s handicap\u00e9s d&#039;une mani\u00e8re qui tient compte du handicap et des besoins d&#039;accessibilit\u00e9 du candidat ou de l&#039;employ\u00e9. Lorsque SEW-EURODRIVE propose un emploi \u00e0 un candidat, nous fournissons \u00e0 la personne des informations sur nos politiques d&#039;am\u00e9nagement pour les employ\u00e9s handicap\u00e9s, d\u00e8s que possible. Ces informations sont fournies aux employ\u00e9s actuels sur le site Web de SEW-EURODRIVE. Nous utilisons \u00e9galement notre site Web pour informer les employ\u00e9s lorsqu&#039;il y a des changements ou des mises \u00e0 jour concernant les am\u00e9nagements d&#039;emploi pour les personnes handicap\u00e9es.<\/p><p>Plans d&#039;h\u00e9bergement individuels<\/p><p>SEW-EURODRIVE a un processus pour d\u00e9velopper et documenter des plans d&#039;am\u00e9nagement individuels pour les employ\u00e9s handicap\u00e9s. Notre processus comprend les \u00e9tapes suivantes :<\/p><p>1. Nous rencontrons un employ\u00e9 qui demande un accommodement pour une premi\u00e8re discussion et pour d\u00e9terminer une m\u00e9thode optimale d&#039;\u00e9valuation individualis\u00e9e, si n\u00e9cessaire. Nous consultons l&#039;employ\u00e9 tout au long du processus.<\/p><p>2. Si n\u00e9cessaire, SEW-EURODRIVE organisera et paiera une \u00e9valuation d&#039;expert, telle qu&#039;une \u00e9valuation des capacit\u00e9s fonctionnelles, pour d\u00e9terminer si et comment un accommodement peut \u00eatre obtenu.<\/p><p>3. Un employ\u00e9 est invit\u00e9 \u00e0 avoir un repr\u00e9sentant sur le lieu de travail, \u00e0 participer \u00e0 l&#039;\u00e9laboration du plan d&#039;adaptation.<\/p><p>4. Sur demande, des plans d&#039;adaptation individuels seront fournis \u00e0 un employ\u00e9 dans un autre format qui tient compte des besoins d&#039;accessibilit\u00e9 particuliers de l&#039;employ\u00e9, en raison de son handicap. Tous les plans d&#039;am\u00e9nagement individuels informent l&#039;employ\u00e9 que SEW-EURODRIVE fournit des informations dans un format accessible ou avec des supports de communication, si demand\u00e9. Les plans identifient \u00e9galement tous les logements qui seront fournis. Si n\u00e9cessaire, nous incluons des informations personnalis\u00e9es sur les interventions d&#039;urgence sur le lieu de travail dans le plan d&#039;adaptation.<\/p><p>5. Les renseignements personnels concernant le plan d&#039;adaptation resteront avec le directeur des ressources humaines. Il ne sera communiqu\u00e9 \u00e0 aucun autre employ\u00e9 de SEW-EURODRIVE sans son consentement, sauf en cas d&#039;urgence.<\/p><p>6. SEW-EURODRIVE examine et met \u00e0 jour les plans d&#039;am\u00e9nagement individuels chaque ann\u00e9e ou si ou quand il y a un changement concernant l&#039;\u00e9tat fonctionnel de l&#039;employ\u00e9 (par exemple, l&#039;\u00e9tat fonctionnel de l&#039;employ\u00e9 s&#039;am\u00e9liore ou r\u00e9gresse). L&#039;examen comprend une rencontre avec l&#039;employ\u00e9 et la prise en compte des commentaires fournis par l&#039;employ\u00e9. Toute modification \u00e0 apporter au plan d&#039;am\u00e9nagement sera discut\u00e9e avec l&#039;employ\u00e9 et, si n\u00e9cessaire, une expertise sera organis\u00e9e aux frais de SEW-EURODRIVE. Les employ\u00e9s sont encourag\u00e9s \u00e0 fournir des commentaires r\u00e9guliers sur l&#039;efficacit\u00e9 de leurs mesures d&#039;adaptation.<\/p><p>7. Si un plan est refus\u00e9, nous rencontrerons l&#039;employ\u00e9 et fournirons les raisons du refus et sur demande, SEW-EURODRIVE fournira les raisons dans un autre format.<\/p><p>Processus de retour au travail<\/p><p>SEW-EURODRIVE dispose d&#039;un processus d&#039;\u00e9laboration et de documentation d&#039;un plan de retour au travail pour un employ\u00e9 handicap\u00e9 qui s&#039;est absent\u00e9 du travail en raison d&#039;un handicap et qui a besoin d&#039;am\u00e9nagements li\u00e9s au handicap pour reprendre le travail. Le processus de retour au travail d\u00e9crit les \u00e9tapes que SEW-EURODRIVE prendra pour faciliter le retour au travail de l&#039;employ\u00e9. Le processus peut \u00e9ventuellement aboutir \u00e0 un plan d&#039;adaptation individuel (voir ci-dessus).<\/p><p>Gestion du rendement, d\u00e9veloppement de carri\u00e8re et avancement et red\u00e9ploiement<\/p><p>SEW-EURODRIVE prendra en consid\u00e9ration les besoins d&#039;accessibilit\u00e9 et les plans d&#039;am\u00e9nagement individuels pour les employ\u00e9s handicap\u00e9s lors d&#039;un processus de gestion des performances, ou lors du d\u00e9veloppement et de l&#039;avancement de carri\u00e8re ou lors d&#039;un reclassement d&#039;un employ\u00e9.<\/p>\t\t\t\t\t\t\t\t<\/div>\n\t\t\t\t<\/div>\n\t\t\t\t\t<\/div>\n\t\t<\/div>\n\t\t\t\t\t<\/div>\n\t\t<\/section>\n\t\t\t\t<\/div>","protected":false},"excerpt":{"rendered":"<p>AODA &#8211; Accessibility for Ontarians with Disabilities Act Download 2017 Accessibility Compliance Report SEW-EURODRIVE COMPANY OF CANADA LTD. \u201cWe provide movement\u201dAccessibility For Ontarians with Disabilities Act (AODA)Multi-Year Accessibility Plan January 1, 2014 to December 31, 2018 Aim The aim of the Multi-Year Accessibility Plan is to describe measures that SEW-EURODRIVE will take during the next [&hellip;]<\/p>\n","protected":false},"author":1,"featured_media":0,"parent":155,"menu_order":0,"comment_status":"closed","ping_status":"closed","template":"","meta":{"ocean_post_layout":"","ocean_both_sidebars_style":"","ocean_both_sidebars_content_width":0,"ocean_both_sidebars_sidebars_width":0,"ocean_sidebar":"0","ocean_second_sidebar":"0","ocean_disable_margins":"enable","ocean_add_body_class":"","ocean_shortcode_before_top_bar":"","ocean_shortcode_after_top_bar":"","ocean_shortcode_before_header":"","ocean_shortcode_after_header":"","ocean_has_shortcode":"","ocean_shortcode_after_title":"","ocean_shortcode_before_footer_widgets":"","ocean_shortcode_after_footer_widgets":"","ocean_shortcode_before_footer_bottom":"","ocean_shortcode_after_footer_bottom":"","ocean_display_top_bar":"default","ocean_display_header":"default","ocean_header_style":"","ocean_center_header_left_menu":"0","ocean_custom_header_template":"0","ocean_custom_logo":0,"ocean_custom_retina_logo":0,"ocean_custom_logo_max_width":0,"ocean_custom_logo_tablet_max_width":0,"ocean_custom_logo_mobile_max_width":0,"ocean_custom_logo_max_height":0,"ocean_custom_logo_tablet_max_height":0,"ocean_custom_logo_mobile_max_height":0,"ocean_header_custom_menu":"0","ocean_menu_typo_font_family":"0","ocean_menu_typo_font_subset":"","ocean_menu_typo_font_size":0,"ocean_menu_typo_font_size_tablet":0,"ocean_menu_typo_font_size_mobile":0,"ocean_menu_typo_font_size_unit":"px","ocean_menu_typo_font_weight":"","ocean_menu_typo_font_weight_tablet":"","ocean_menu_typo_font_weight_mobile":"","ocean_menu_typo_transform":"","ocean_menu_typo_transform_tablet":"","ocean_menu_typo_transform_mobile":"","ocean_menu_typo_line_height":0,"ocean_menu_typo_line_height_tablet":0,"ocean_menu_typo_line_height_mobile":0,"ocean_menu_typo_line_height_unit":"","ocean_menu_typo_spacing":0,"ocean_menu_typo_spacing_tablet":0,"ocean_menu_typo_spacing_mobile":0,"ocean_menu_typo_spacing_unit":"","ocean_menu_link_color":"","ocean_menu_link_color_hover":"","ocean_menu_link_color_active":"","ocean_menu_link_background":"","ocean_menu_link_hover_background":"","ocean_menu_link_active_background":"","ocean_menu_social_links_bg":"","ocean_menu_social_hover_links_bg":"","ocean_menu_social_links_color":"","ocean_menu_social_hover_links_color":"","ocean_disable_title":"default","ocean_disable_heading":"default","ocean_post_title":"","ocean_post_subheading":"","ocean_post_title_style":"","ocean_post_title_background_color":"","ocean_post_title_background":0,"ocean_post_title_bg_image_position":"","ocean_post_title_bg_image_attachment":"","ocean_post_title_bg_image_repeat":"","ocean_post_title_bg_image_size":"","ocean_post_title_height":0,"ocean_post_title_bg_overlay":0.5,"ocean_post_title_bg_overlay_color":"","ocean_disable_breadcrumbs":"default","ocean_breadcrumbs_color":"","ocean_breadcrumbs_separator_color":"","ocean_breadcrumbs_links_color":"","ocean_breadcrumbs_links_hover_color":"","ocean_display_footer_widgets":"default","ocean_display_footer_bottom":"default","ocean_custom_footer_template":"0","footnotes":""},"class_list":["post-159","page","type-page","status-publish","hentry","entry"],"aioseo_notices":[],"_links":{"self":[{"href":"https:\/\/sewcan.ca\/fr\/wp-json\/wp\/v2\/pages\/159","targetHints":{"allow":["GET"]}}],"collection":[{"href":"https:\/\/sewcan.ca\/fr\/wp-json\/wp\/v2\/pages"}],"about":[{"href":"https:\/\/sewcan.ca\/fr\/wp-json\/wp\/v2\/types\/page"}],"author":[{"embeddable":true,"href":"https:\/\/sewcan.ca\/fr\/wp-json\/wp\/v2\/users\/1"}],"replies":[{"embeddable":true,"href":"https:\/\/sewcan.ca\/fr\/wp-json\/wp\/v2\/comments?post=159"}],"version-history":[{"count":0,"href":"https:\/\/sewcan.ca\/fr\/wp-json\/wp\/v2\/pages\/159\/revisions"}],"up":[{"embeddable":true,"href":"https:\/\/sewcan.ca\/fr\/wp-json\/wp\/v2\/pages\/155"}],"wp:attachment":[{"href":"https:\/\/sewcan.ca\/fr\/wp-json\/wp\/v2\/media?parent=159"}],"curies":[{"name":"wp","href":"https:\/\/api.w.org\/{rel}","templated":true}]}}